{"id":12,"date":"2020-01-15T18:24:45","date_gmt":"2020-01-15T23:24:45","guid":{"rendered":"http:\/\/WHOONDANG.COM\/?page_id=12"},"modified":"2021-03-11T19:12:58","modified_gmt":"2021-03-12T00:12:58","slug":"about","status":"publish","type":"page","link":"https:\/\/futurecowboys.net\/de\/about\/","title":{"rendered":"\u00dcber"},"content":{"rendered":"<h2 class=\"has-accent-color has-text-color wp-block-heading\">Future Cowboys<\/h2>\n\n\n\n<p>Mit Einfl\u00fcssen aus Rock und Americana \u00fcber R&amp;B, EDM bis hin zu Hip-Hop werden die Cowboys aus der Zukunft ihrem Namen mehr als gerecht. Die <em><strong>Future Cowboys<\/strong><\/em> sind Genre-\u00fcbergreifend. Jamie Bernstein, Eren Cannata und Miguel Oliveira haben ihre Talente zu einem musikalischen Picasso verschmolzen, indem sie country-esken Gesang,Protesttexte, gef\u00fchlvolle Melodien und moderne, elektronische Produktionen miteinander kombinieren.<\/p>\n\n\n\n<p>Life On Mars! \u2013 ist das neue Album der Future Cowboys \u00fcber das Leben, die Liebe und \u00f6kologische Katastrophen, geschrieben von den Autoren Jamie Bernstein, Eren Cannata &amp; Miguel Oliveira. Ihre erste Zusammenarbeit brachte eine sechs Songs umfassende EP mit dem Titel Going Kamikaze hervor, die vom OffBeat Magazine zu einem der 50 besten Alben des Jahres 2018 gek\u00fcrt wurde.<\/p>\n\n\n\n<h2 class=\"has-accent-color has-text-color wp-block-heading\">Team<\/h2>\n\n\n\n<h3 class=\"has-primary-color has-text-color wp-block-heading\">Jamie Bernstein<\/h3>\n\n\n\n<figure class=\"wp-block-image size-large is-style-rounded\"><img data-attachment-id=\"2588\" data-permalink=\"https:\/\/futurecowboys.net\/de\/about\/attachment\/future-cowboys-blog-001-2\/\" data-orig-file=\"https:\/\/i0.wp.com\/futurecowboys.net\/wp-content\/uploads\/2020\/09\/Future-Cowboys-Blog-001-1.jpg?fit=2560%2C1920&amp;ssl=1\" data-orig-size=\"2560,1920\" data-comments-opened=\"0\" data-image-meta=\"{&quot;aperture&quot;:&quot;0&quot;,&quot;credit&quot;:&quot;&quot;,&quot;camera&quot;:&quot;&quot;,&quot;caption&quot;:&quot;&quot;,&quot;created_timestamp&quot;:&quot;0&quot;,&quot;copyright&quot;:&quot;&quot;,&quot;focal_length&quot;:&quot;0&quot;,&quot;iso&quot;:&quot;0&quot;,&quot;shutter_speed&quot;:&quot;0&quot;,&quot;title&quot;:&quot;&quot;,&quot;orientation&quot;:&quot;0&quot;}\" data-image-title=\"Future-Cowboys-Blog-001\" data-image-description=\"\" data-image-caption=\"\" data-medium-file=\"https:\/\/i0.wp.com\/futurecowboys.net\/wp-content\/uploads\/2020\/09\/Future-Cowboys-Blog-001-1.jpg?fit=300%2C225&amp;ssl=1\" data-large-file=\"https:\/\/i0.wp.com\/futurecowboys.net\/wp-content\/uploads\/2020\/09\/Future-Cowboys-Blog-001-1.jpg?fit=580%2C435&amp;ssl=1\" decoding=\"async\" loading=\"lazy\" width=\"580\" height=\"435\" src=\"https:\/\/i0.wp.com\/futurecowboys.net\/wp-content\/uploads\/2020\/09\/Future-Cowboys-Blog-001-1-1024x768.jpg?resize=580%2C435\" alt=\"Jamie Bernstein\" class=\"wp-image-2588\" srcset=\"https:\/\/i0.wp.com\/futurecowboys.net\/wp-content\/uploads\/2020\/09\/Future-Cowboys-Blog-001-1.jpg?resize=1024%2C768&amp;ssl=1 1024w, https:\/\/i0.wp.com\/futurecowboys.net\/wp-content\/uploads\/2020\/09\/Future-Cowboys-Blog-001-1.jpg?resize=300%2C225&amp;ssl=1 300w, https:\/\/i0.wp.com\/futurecowboys.net\/wp-content\/uploads\/2020\/09\/Future-Cowboys-Blog-001-1.jpg?resize=768%2C576&amp;ssl=1 768w, https:\/\/i0.wp.com\/futurecowboys.net\/wp-content\/uploads\/2020\/09\/Future-Cowboys-Blog-001-1.jpg?resize=1536%2C1152&amp;ssl=1 1536w, https:\/\/i0.wp.com\/futurecowboys.net\/wp-content\/uploads\/2020\/09\/Future-Cowboys-Blog-001-1.jpg?resize=2048%2C1536&amp;ssl=1 2048w, https:\/\/i0.wp.com\/futurecowboys.net\/wp-content\/uploads\/2020\/09\/Future-Cowboys-Blog-001-1.jpg?resize=1200%2C900&amp;ssl=1 1200w, https:\/\/i0.wp.com\/futurecowboys.net\/wp-content\/uploads\/2020\/09\/Future-Cowboys-Blog-001-1.jpg?resize=1980%2C1485&amp;ssl=1 1980w, https:\/\/i0.wp.com\/futurecowboys.net\/wp-content\/uploads\/2020\/09\/Future-Cowboys-Blog-001-1.jpg?resize=600%2C450&amp;ssl=1 600w, https:\/\/i0.wp.com\/futurecowboys.net\/wp-content\/uploads\/2020\/09\/Future-Cowboys-Blog-001-1.jpg?w=1740&amp;ssl=1 1740w\" sizes=\"(max-width: 580px) 100vw, 580px\" data-recalc-dims=\"1\" \/><\/figure>\n\n\n\n<p>Jamie Bernstein lebt mit seiner K\u00fcnstlergattin Muffin und ihren beiden Hunden in Mid-City New Orleans. Er wuchs am Rande eines Berges in den Appalachen in West Virginia in einem Tipi auf, w\u00e4hrend er bereits als Vierj\u00e4hriger seinen Eltern beim Bau ihren ersten Blockh\u00fctte half. Schon fr\u00fch lernte er, wie man einen Fusel selber brennt, wie man ein Reh h\u00e4utet und wie man bei Kerzenlicht liest. In der achten Klasse zog er nach Florida und studierte Theater an der High School. Nach einigen Jahren an der Florida State University kehrte er nach West Virginia zur\u00fcck, um sich auf die Musik und auf alternative Heilungsmethoden zu konzentrieren. Seine erste Band hie\u00df Moonshine Logik, eine Zusammenarbeit mit seinem langj\u00e4hrigen Freund Dennis Ott. Jamie entschied sich 1996 nach New Orleans zu gehen, um seine Poesie und seine Liebe zur Musik weiterzuentwickeln. Bis 2007 produzierte er People Get Ready Now f\u00fcr James \"12\" Andrews. Jamie gr\u00fcndete dann seine eigene Band J the Savage, die zwei Alben Songs from the Tree of Life und Very Same Dream produzierte. Jamie ver\u00f6ffentlichte Whoon Dang und You Don't Know Me als Soloprojekte. Sein Song South of Laredo wurde von Jimbo Mathus auf seinem letzten Album Incinerator gecovert.&nbsp;&nbsp;<\/p>\n\n\n\n<p>In 2017, Jamie built on his years of collaboration and experimentation and joined forces with Miguel Oliveira of Patherburn Studios and Emmy-winning writer\/producer Eren Cannata to form Future Cowboys. Exploring a wide sonic palette, the trio cut Going Kamikaze, a six song EP that landed on the Offbeat Magazine Top 50 list in 2018. They got right back to work and Life on Mars! iIs the result of sessions in New York, New Orleans, and Los Angeles. The new record, due in April 2020, delivers on the promise of the EP and signals an exciting direction for Jamie\u2019s musical vision.<\/p>\n\n\n\n<h3 class=\"has-primary-color has-text-color wp-block-heading\">Eren Cannata<\/h3>\n\n\n\n<p>Eren Cannata ist ein mit einem Emmy ausgezeichneter Songwriter, Produzent, Musiker und Miteigent\u00fcmer der Cove City Sound Studios. Eren hat k\u00fcrzlich bei Warner Chappel\/Facet House unter dem der weltbekannten Songwriter Justin Tranter und der Branchengr\u00f6\u00dfe Katie Vinten unterschrieben und arbeitet mit den gr\u00f6\u00dften K\u00fcnstlern, Autoren und Produzenten von heute zusammen. K\u00fcrzlich produzierte und spielte er Keyboards auf Commander in Chief, Demi Lovatos Hit-Protestsong. <\/p>\n\n\n\n<p>Mit einem ber\u00fchmten Saxophonisten als Vater, wuchs Eren in New York auf und tauchte voll in die Musikszene ein, als er mit Billy Joel und den Beach Boys auf Tournee ging. Er erinnert sich noch genau daran, wie Carl Wilson ihm im Alter von 7 Jahren Backstage das Singen von Harmonien beibrachte. Mit Anfang 20 wagte Eren den Schritt nach drau\u00dfen und ver\u00f6ffentlichte erfolgreich sein erstes Soloalbum. Einer der Tracks wurde in der erfolgreichen Fernsehshow Dawson's Creek gespielt. Seitdem arbeitet er als Autor, Produzent und\/oder Musiker mit einigen der talentiertesten und einflussreichsten K\u00fcnstlern unserer Zeit zusammen, darunter Demi Lovato, Ryan Lewis, Justin Tranter, Paul Simon, Idina Menzel, Bebe Rexha, c, Jon Bellion, Watt, Timbaland, Fifth Harmony, CID und Shea Diamond. Er hat auch Songs f\u00fcr die Oskar Preistr\u00e4gerin Brie Larson und den mit Platin ausgezeichneten Atlantic Records K\u00fcnstler Chef'Special geschrieben und hat an der Produktion und dem Schreiben von Audio-Kunstinstallationen in mehreren zeitgen\u00f6ssischen Museen in den Vereinigten Staaten mitgewirkt, einschlie\u00dflich seiner bevorstehenden Installation mit dem Smithsonian im Jahr 2020.<\/p>\n\n\n\n<p>Erens Leidenschaft f\u00fcr die Philanthropie f\u00fchrte ihn dazu, sich f\u00fcr den Boys and Girls Club of America zu engagieren, wo er zusammen mit seiner Frau Kristen ein Songwriting-Programm namens S.O.N.G. (Sounds of a New Generation) entwickelte, das innerst\u00e4dtischen Kindern die Kunst des Songschreibens und der Kreation eines Superhits vermittelt.<\/p>\n\n\n\n<p>Erens vielseitige F\u00e4higkeiten und Erfahrungen machten ihn zu einer entscheidenden Kraft bei der Etablierung des Songwriting-Programms f\u00fcr das Clive Davis Institute of Recorded Music der New York University, wo er den aktuellen Lehrplan erstellt und ihn jedes Jahr durch Unterricht und Mentorenschaft weiterentwickelt.  <\/p>\n\n\n\n<p>Auf der Suche nach einer neuen Herausforderung zog Eren 2017 nach LA, um seine Arbeit als Autor und Produzent voranzutreiben und sich mit Menschen zu umgeben, die Wert auf Inklusivit\u00e4t und Akzeptanz legen. Er ist stolz darauf, dass die Arbeit, an der er beteiligt ist, dazu beitr\u00e4gt, eine bessere Welt f\u00fcr aktuelle und zuk\u00fcnftige K\u00fcnstler in der Musikindustrie zu schaffen. Durch seine Entschlossenheit, Musik zu schaffen die Ver\u00e4nderungen bewirkt, durch seine F\u00e4higkeit, mit K\u00fcnstlern auf einer pers\u00f6nlichen Ebene in Kontakt zu treten, und durch seine Weigerung aufzugeben, konnte sich Eren als eine Kraft in der Musikindustrie etablieren.<\/p>\n\n\n\n<h3 class=\"has-primary-color has-text-color wp-block-heading\">Miguel Oliveira<\/h3>\n\n\n\n<p>Miguel Oliveira ist ein Singer-Songwriter, der f\u00fcr die Pantherburn Studios, ein Unternehmen, das er 2017 gegr\u00fcndet hat, neue und spannende K\u00fcnstler entwickelt. Seine lebenslange Liebe zur Musik entdeckte er nach einer langen Karriere im Bereich des Nachrichtenwesens. Miguel begann mit Peter Jennings bei ABC News und mit Diane Sawyer bei 20\/20 zu arbeiten, was in einem l\u00e4ngeren Aufenthalt bei CNN mit Anderson Cooper und Paula gipfelte. <\/p>\n\n\n\n<p>In seinen 15 Jahren, die er bei einem Nachrichtensender verbrachte, hat Miguel die Rollen des Nachrichtensprechers, Reporters, Aufnahmeleiter und Produktionsleiter \u00fcbernommen, die das gesamte Spektrum des Nachrichtenberufs umfassen. Miguel war Mitglied mehrerer Emmy- und Peabody- pr\u00e4mierter Nachrichtenteams und berichtete \u00fcber Naturkatastrophen, wie den Hurrikan Katrina und humanit\u00e4re Krisen in Kriegsgebieten. Er spricht 5 Sprachen.<\/p>","protected":false},"excerpt":{"rendered":"<p>Future Cowboys Drawing on everything from rock and americana to R&amp;B, EDM and hip hop, these cowboys from the future more than live up to their name. The Future Cowboys are genre bending. Combining country-esque vocal delivery, protest lyrics, soulful melody and modern, electronic production, Jamie Bernstein, Eren Cannata and Miguel Oliveira have melded their [&hellip;]<\/p>","protected":false},"author":1,"featured_media":1711,"parent":0,"menu_order":5,"comment_status":"closed","ping_status":"closed","template":"templates\/template-cover.php","meta":[],"jetpack_sharing_enabled":true,"_links":{"self":[{"href":"https:\/\/futurecowboys.net\/de\/wp-json\/wp\/v2\/pages\/12"}],"collection":[{"href":"https:\/\/futurecowboys.net\/de\/wp-json\/wp\/v2\/pages"}],"about":[{"href":"https:\/\/futurecowboys.net\/de\/wp-json\/wp\/v2\/types\/page"}],"author":[{"embeddable":true,"href":"https:\/\/futurecowboys.net\/de\/wp-json\/wp\/v2\/users\/1"}],"replies":[{"embeddable":true,"href":"https:\/\/futurecowboys.net\/de\/wp-json\/wp\/v2\/comments?post=12"}],"version-history":[{"count":8,"href":"https:\/\/futurecowboys.net\/de\/wp-json\/wp\/v2\/pages\/12\/revisions"}],"predecessor-version":[{"id":2980,"href":"https:\/\/futurecowboys.net\/de\/wp-json\/wp\/v2\/pages\/12\/revisions\/2980"}],"wp:featuredmedia":[{"embeddable":true,"href":"https:\/\/futurecowboys.net\/de\/wp-json\/wp\/v2\/media\/1711"}],"wp:attachment":[{"href":"https:\/\/futurecowboys.net\/de\/wp-json\/wp\/v2\/media?parent=12"}],"curies":[{"name":"wp","href":"https:\/\/api.w.org\/{rel}","templated":true}]}}