{"id":16,"date":"2020-01-15T18:25:17","date_gmt":"2020-01-15T23:25:17","guid":{"rendered":"http:\/\/WHOONDANG.COM\/?page_id=16"},"modified":"2021-03-19T10:35:27","modified_gmt":"2021-03-19T15:35:27","slug":"music","status":"publish","type":"page","link":"https:\/\/futurecowboys.net\/de\/music\/","title":{"rendered":"Musik"},"content":{"rendered":"<figure class=\"wp-block-audio\"><audio controls src=\"http:\/\/futurecowboys.net\/wp-content\/uploads\/2020\/09\/Future-Cowboys-Work-For-The-Week-1.mp3\"><\/audio><figcaption><strong>Arbeit f\u00fcr die Woche<\/strong><\/figcaption><\/figure>\n\n\n\n<h2 class=\"wp-block-heading\">LEBEN AUF DEM MARS! <\/h2>\n\n\n\n<h3 class=\"wp-block-heading\">Future Cowboys ist Cowboymusik aus der Zukunft. <\/h3>\n\n\n\n<p>Jamie Bernstein ist seit langem ein Americana-Songwriter, der sich auf 3 Akkorde und den Stil des \u201eTruth Songwriting\u201c spezialisiert hat. Neben seinen eigenen Solo-Ver\u00f6ffentlichungen ver\u00f6ffentlichte er zahlreiche Platten mit den Bands J. the Savage und Hill Country Hounds. <\/p>\n\n\n\n<p>Leben auf dem Mars! ist eine Sammlung von Liedern der Autoren Jamie Bernstein, Eren Cannata &amp; Miguel Oliveira. Aus der anf\u00e4nglichen Zusammenarbeit entstand eine EP mit sechs Songs mit dem Titel Going Kamikaze. <\/p>\n\n\n\n<p>Die Future Cowboys EP Going Kamikaze wurde vom OffBeat Magazine zu einem der 50 besten Alben des Jahres 2018 gek\u00fcrt. <\/p>\n\n\n\n<p>Future Cowboys: Going Kamikaze (Pantherburn)<\/p>\n\n\n\n<blockquote class=\"wp-block-quote is-style-large\"><p><strong>\"Going Kamikaze erweitert Bernsteins Americana-Songwriting um Hip-Hop- und elektronische Musiktechniken.\"<\/strong><br><strong>~John Wirt, Dezember 2018<\/strong><\/p><\/blockquote>\n\n\n\n<h3 class=\"wp-block-heading\">Leben auf dem Mars! <\/h3>\n\n\n\n<p>Stellen Sie sich vor, wir schreiben das Jahr 2323. Wir haben den Mars kolonisiert. Neu-Kalifornien, ein kleiner Au\u00dfenposten im Bergbau auf der Oberfl\u00e4che des roten Planeten, bietet alles, was man erwarten w\u00fcrde. Unternehmensgier, Sklavenarbeit, Salons voller Trunkenbolde und Str\u00e4flinge auf dem Schafott. Es ist der Neue Wilde Westen. Die Future Cowboys erkunden dieses gesetzlose Grenzland in ihrem zweiten Studioalbum Life on Mars!<\/p>\n\n\n\n<p>In dieser Zeit des politischen Aufruhrs und der Umweltkatastrophen weckt \"More than a Miracle\" featuring Tonya Boyd Cannon Hoffnung in einer kraftvollen Hymne. \"The Heat\" featuring Richie Cannata ist wahrlich eine Hommage an Dr. John, inspiriert von der Stadt New Orleans. \"Cowboys From the Future\" setzt sich f\u00fcr einen sozialen Wandel ein, indem Waffen gegen Frieden eingetauscht werden. \"PARTY\" l\u00e4sst G\u00e4ste aufdrehen, der Duft von Gras liegt in der Luft. \"Heart In Action\" erinnert uns daran, dass Liebe die Antwort ist. Der Titeltrack \"Leben auf dem Mars! ist ein funkiger Dance-Tune mit der SOUL Brass Band, und \"Home on the Range\", produziert von Koil, ist eine d\u00fcstere Ballade \u00fcber unsere \u00f6kologische Zukunft. Spring auf und begleite die Future Cowboys auf dieser neuen musikalischen Reise.<\/p>\n\n\n\n<blockquote class=\"wp-block-quote is-style-large\"><p><strong>\"Was w\u00e4re, wenn Riders in the Sky und Leon Russell sich entschlie\u00dfen w\u00fcrden, mit A Tribe Called Quest zu arbeiten, wobei die Roots als Produzenten fungieren w\u00fcrden? ... Future Cowboys liefert die Antwort. Springt auf.\"<br>~Ross Boissoneau (M\u00e4rz 2020)<\/strong><\/p><\/blockquote>\n\n\n\n<h2 class=\"wp-block-heading\">Leben auf dem Mars! CD &amp; Digitale Ver\u00f6ffentlichung am 13. November 2020<\/h2>\n\n\n\n<p>H\u00f6ren Sie sich jetzt ihre Single \"More than a Miracle\" an!<\/p>\n\n\n\n<h4 class=\"wp-block-heading\"><a href=\"http:\/\/WHOONDANG.COM\/contact\/\">Kontaktieren Sie uns<\/a> f\u00fcr Buchungen und weitere Informationen.<\/h4>\n\n\n\n<h2 class=\"wp-block-heading\">Spotify<\/h2>\n\n\n\n<figure class=\"wp-block-embed is-type-rich is-provider-spotify wp-block-embed-spotify wp-embed-aspect-9-16 wp-has-aspect-ratio\"><div class=\"wp-block-embed__wrapper\">\n<iframe loading=\"lazy\" title=\"Spotify Embed: Future Cowboys\" width=\"300\" height=\"380\" allowtransparency=\"true\" frameborder=\"0\" allow=\"encrypted-media\" src=\"https:\/\/open.spotify.com\/embed\/artist\/5OqXRbqDfocjMUtoqCA3kg\"><\/iframe>\n<\/div><\/figure>","protected":false},"excerpt":{"rendered":"<p>LIFE ON MARS! Future Cowboys is Cowboy Music from the Future. Jamie Bernstein has long been an Americana songsmith specializing in 3 chords and the truth songwriting style. He released numerous records with bands J. the Savage and Hill Country Hounds in addition to his own solo releases. Life On Mars! Is a collection of [&hellip;]<\/p>","protected":false},"author":1,"featured_media":1710,"parent":0,"menu_order":50,"comment_status":"closed","ping_status":"closed","template":"templates\/template-cover.php","meta":[],"jetpack_sharing_enabled":true,"_links":{"self":[{"href":"https:\/\/futurecowboys.net\/de\/wp-json\/wp\/v2\/pages\/16"}],"collection":[{"href":"https:\/\/futurecowboys.net\/de\/wp-json\/wp\/v2\/pages"}],"about":[{"href":"https:\/\/futurecowboys.net\/de\/wp-json\/wp\/v2\/types\/page"}],"author":[{"embeddable":true,"href":"https:\/\/futurecowboys.net\/de\/wp-json\/wp\/v2\/users\/1"}],"replies":[{"embeddable":true,"href":"https:\/\/futurecowboys.net\/de\/wp-json\/wp\/v2\/comments?post=16"}],"version-history":[{"count":12,"href":"https:\/\/futurecowboys.net\/de\/wp-json\/wp\/v2\/pages\/16\/revisions"}],"predecessor-version":[{"id":2997,"href":"https:\/\/futurecowboys.net\/de\/wp-json\/wp\/v2\/pages\/16\/revisions\/2997"}],"wp:featuredmedia":[{"embeddable":true,"href":"https:\/\/futurecowboys.net\/de\/wp-json\/wp\/v2\/media\/1710"}],"wp:attachment":[{"href":"https:\/\/futurecowboys.net\/de\/wp-json\/wp\/v2\/media?parent=16"}],"curies":[{"name":"wp","href":"https:\/\/api.w.org\/{rel}","templated":true}]}}