{"id":23,"date":"2020-01-16T09:34:02","date_gmt":"2020-01-16T14:34:02","guid":{"rendered":"http:\/\/WHOONDANG.COM\/?page_id=23"},"modified":"2020-10-14T13:04:27","modified_gmt":"2020-10-14T18:04:27","slug":"videos","status":"publish","type":"page","link":"https:\/\/futurecowboys.net\/de\/videos\/","title":{"rendered":"Videos"},"content":{"rendered":"<h2 class=\"wp-block-heading\">Butterflies <\/h2>\n\n\n\n<figure class=\"wp-block-embed-youtube wp-block-embed is-type-video is-provider-youtube wp-embed-aspect-16-9 wp-has-aspect-ratio\"><div class=\"wp-block-embed__wrapper\">\n<iframe loading=\"lazy\" title=\"BUTTERFLIES - MUSIC VIDEO BY MUFFIN BERNSTEIN\" width=\"580\" height=\"326\" src=\"https:\/\/www.youtube.com\/embed\/VRyyQnvzBho?feature=oembed\" frameborder=\"0\" allow=\"accelerometer; autoplay; clipboard-write; encrypted-media; gyroscope; picture-in-picture\" allowfullscreen><\/iframe>\n<\/div><\/figure>\n\n\n\n<h6 class=\"wp-block-heading\"><strong>Das Video zeigt eine Verwandlung von Schmetterlingen mit einem von dem visuellen K\u00fcnstler Muffin Bernstein zusammengestellten Video, dass die Live Musik begleitet.<\/strong><\/h6>\n\n\n\n<hr class=\"wp-block-separator\"\/>\n\n\n\n<h2 class=\"wp-block-heading\">Cowboys aus der Zukunft<\/h2>\n\n\n\n<figure class=\"wp-block-embed-youtube wp-block-embed is-type-video is-provider-youtube wp-embed-aspect-16-9 wp-has-aspect-ratio\"><div class=\"wp-block-embed__wrapper\">\n<iframe loading=\"lazy\" title=\"Cowboys From The Future--Music Video by Michael Wyshock\" width=\"580\" height=\"326\" src=\"https:\/\/www.youtube.com\/embed\/MHr3r-y50FM?feature=oembed\" frameborder=\"0\" allow=\"accelerometer; autoplay; clipboard-write; encrypted-media; gyroscope; picture-in-picture\" allowfullscreen><\/iframe>\n<\/div><\/figure>\n\n\n\n<h6 class=\"wp-block-heading\">DIESES EXPERIMENTELLE KUNSTWERK VON MICHAEL WYSHOCK ERFORSCHT ANHAND EINER CHAOTISCHEN PASICHE VON BILDERN AUS DER VERGANGENHEIT DIE UNGEWISSHEIT DER ZUKUNFT.<\/h6>\n\n\n\n<hr class=\"wp-block-separator\"\/>\n\n\n\n<h2 class=\"wp-block-heading\">Mehr als nur ein Wunder<\/h2>\n\n\n\n<figure class=\"wp-block-embed-youtube wp-block-embed is-type-video is-provider-youtube wp-embed-aspect-16-9 wp-has-aspect-ratio\"><div class=\"wp-block-embed__wrapper\">\n<iframe loading=\"lazy\" title=\"More Than A Miracle\" width=\"580\" height=\"326\" src=\"https:\/\/www.youtube.com\/embed\/1vMD1KwF-kY?feature=oembed\" frameborder=\"0\" allow=\"accelerometer; autoplay; clipboard-write; encrypted-media; gyroscope; picture-in-picture\" allowfullscreen><\/iframe>\n<\/div><\/figure>\n\n\n\n<h6 class=\"wp-block-heading\">LEHNEN DICH ZUR\u00dcCK, ENTSPANN DICH UND ATME DURCH. DIESES LYRISCHE VIDEO DES MULTIMEDIAK\u00dcNSTLERS MUFFIN BERNSTEIN IST EINE ENTSPANNENDE ANSAMMLUNG VON FORMEN, DIE RUHE UND ENTSPANNUNG F\u00d6RDERN. DER SONG IST EIN AUFRUF AN DIE WAFFEN, UM DIE ERDE ZU RETTEN.<\/h6>\n\n\n\n<hr class=\"wp-block-separator\"\/>\n\n\n\n<h2 class=\"wp-block-heading\">Alleine K\u00e4mpfen<\/h2>\n\n\n\n<figure class=\"wp-block-embed-youtube wp-block-embed is-type-video is-provider-youtube wp-embed-aspect-16-9 wp-has-aspect-ratio\"><div class=\"wp-block-embed__wrapper\">\n<iframe loading=\"lazy\" title=\"Future Cowboys- Fight Alone (Official Music Video)\" width=\"580\" height=\"326\" src=\"https:\/\/www.youtube.com\/embed\/JGNpQSXHShI?feature=oembed\" frameborder=\"0\" allow=\"accelerometer; autoplay; clipboard-write; encrypted-media; gyroscope; picture-in-picture\" allowfullscreen><\/iframe>\n<\/div><\/figure>\n\n\n\n<h6 class=\"wp-block-heading\">W\u00c4HREND EINES STURMS AUF DEN SANDD\u00dcENEN GEFILMT, IST \u201eFIGHT ALONE\u201c EINE INTROSPEKTIVE REISE DAR\u00dcBER, IN DEN EIGENEN GEF\u00dcEHLEN BEGRABEN ZU SEIN.<\/h6>\n\n\n\n<hr class=\"wp-block-separator\"\/>\n\n\n\n<h2 class=\"wp-block-heading\">W\u00e4hle<\/h2>\n\n\n\n<figure class=\"wp-block-embed-youtube wp-block-embed is-type-video is-provider-youtube wp-embed-aspect-16-9 wp-has-aspect-ratio\"><div class=\"wp-block-embed__wrapper\">\n<iframe loading=\"lazy\" title=\"Future Cowboys - CHOOSE\" width=\"580\" height=\"326\" src=\"https:\/\/www.youtube.com\/embed\/P_fuRxyC2XY?feature=oembed\" frameborder=\"0\" allow=\"accelerometer; autoplay; clipboard-write; encrypted-media; gyroscope; picture-in-picture\" allowfullscreen><\/iframe>\n<\/div><\/figure>\n\n\n\n<h6 class=\"wp-block-heading\">EINE GESCHICHTE VON EINEM JUNGEN, DER EIN M\u00c4DCHEN TRIFFT.<\/h6>\n\n\n\n<hr class=\"wp-block-separator\"\/>\n\n\n\n<div class=\"wp-block-button aligncenter is-style-fill\"><a class=\"wp-block-button__link has-background-color has-secondary-background-color has-text-color has-background no-border-radius\" href=\"https:\/\/www.youtube.com\/channel\/UCCOrc6WsonXHXePMhuV6GKQ\" target=\"_blank\" rel=\"noreferrer noopener\">Abonnieren<\/a><\/div>\n\n\n\n<h5 class=\"has-text-align-center has-accent-color has-text-color wp-block-heading\"><strong>F\u00dcR WEITERE VIDEOS UNSEREN KANAL ABONNIEREN<\/strong> <\/h5>","protected":false},"excerpt":{"rendered":"<p>Butterflies The video is a metamorphosis of butterflies with live video assembled by visual artist Muffin Bernstein to accompany the music. Cowboys From the Future This experimental art piece by Michael Wyshock explores the uncertainty of the future through a chaotic pasiche of imagery from the past. More than a Miracle Sit back, relax, and [&hellip;]<\/p>","protected":false},"author":1,"featured_media":544,"parent":0,"menu_order":70,"comment_status":"closed","ping_status":"closed","template":"templates\/template-cover.php","meta":[],"jetpack_sharing_enabled":true,"_links":{"self":[{"href":"https:\/\/futurecowboys.net\/de\/wp-json\/wp\/v2\/pages\/23"}],"collection":[{"href":"https:\/\/futurecowboys.net\/de\/wp-json\/wp\/v2\/pages"}],"about":[{"href":"https:\/\/futurecowboys.net\/de\/wp-json\/wp\/v2\/types\/page"}],"author":[{"embeddable":true,"href":"https:\/\/futurecowboys.net\/de\/wp-json\/wp\/v2\/users\/1"}],"replies":[{"embeddable":true,"href":"https:\/\/futurecowboys.net\/de\/wp-json\/wp\/v2\/comments?post=23"}],"version-history":[{"count":12,"href":"https:\/\/futurecowboys.net\/de\/wp-json\/wp\/v2\/pages\/23\/revisions"}],"predecessor-version":[{"id":2645,"href":"https:\/\/futurecowboys.net\/de\/wp-json\/wp\/v2\/pages\/23\/revisions\/2645"}],"wp:featuredmedia":[{"embeddable":true,"href":"https:\/\/futurecowboys.net\/de\/wp-json\/wp\/v2\/media\/544"}],"wp:attachment":[{"href":"https:\/\/futurecowboys.net\/de\/wp-json\/wp\/v2\/media?parent=23"}],"curies":[{"name":"wp","href":"https:\/\/api.w.org\/{rel}","templated":true}]}}