{"id":2607,"date":"2020-10-02T18:33:23","date_gmt":"2020-10-02T23:33:23","guid":{"rendered":"https:\/\/futurecowboys.net\/?page_id=2607"},"modified":"2020-10-02T18:45:54","modified_gmt":"2020-10-02T23:45:54","slug":"jamie-bernstein-enlists-emmy-winning-producer-to-form-future-cowboys","status":"publish","type":"page","link":"https:\/\/futurecowboys.net\/de\/press\/jamie-bernstein-enlists-emmy-winning-producer-to-form-future-cowboys\/","title":{"rendered":"Jamie Bernstein beauftragt den Emmy-Gewinner, die Future Cowboys zu gr\u00fcnden"},"content":{"rendered":"<p><strong><em>Von: <a href=\"https:\/\/www.offbeat.com\/author\/offbeat-staff\/\" target=\"_blank\" rel=\"noreferrer noopener\">Offbeat Crew<\/a><\/em><\/strong><\/p>\n\n\n\n<p>Der Singer-Songwriter, Produzent und Schauspieler Jamie Bernstein ist ein bereits etablierter Musiker aus New Orleans und dank einer Partnerschaft mit einigen Nachwuchsk\u00fcnstlern ist er auf dem Weg zum Durchbruch.<\/p>\n\n\n\n<p>Future Cowboys ist das Ergebnis von Bernsteins Arbeit mit dem mit einem Emmy ausgezeichneten Produzenten Eren Cannata. Gemeinsam ver\u00f6ffentlichten die beiden das Musikvideo \"Choose\", dessen Musikvideo unten zu sehen ist. Laut Bernstein \"war mein alter Freund Miguel Oliveira der Vordenker hinter der Zusammenarbeit mit Cannata. Miguel hatte mit Cannata experimentiert und mit seiner Produktionsfirma Pantherburn Studios moderne Produktionstechniken zur Singer-Songwriter-Musik hinzugef\u00fcgt. Er f\u00fchlte, dass ich perfekt geeignet w\u00e4re, ihnen dabei zu helfen, ihren Sound auf die n\u00e4chste Ebene zu bringen, sowohl textlich als auch stimmlich.\"<\/p>\n\n\n\n<p>Miguels Instinkt habe sich als richtig erwiesen, sagt Bernstein. \"Die Zusammenarbeit der drei Songwriter brachte sechs fertige Titel hervor; 'Choose' wurde im November 2017 in Miguels Heimstudio in Sagaponack, New York, aufgenommen. Eines Tages beschlossen die drei, ihren Weg fortzusetzen und das Projekt \"in das Mutterland der Musik, nach New Orleans, zur Vollendung zu bringen\". Die drei mieteten ein historisches Haus in der Solomon Street am Stadtpark und nutzten die nat\u00fcrlichen Kl\u00e4nge des alten Hauses und des kleinen, aber stattlichen Klaviers, um vier weitere St\u00fccke fertigzustellen.<\/p>\n\n\n\n<p class=\" translation-block\">\"Choose\" ist die erste Single, die von den Future Cowboys ver\u00f6ffentlicht wurde. Die gesamte EP kann auf der <a href=\"https:\/\/futurecowboys.net\/\" target=\"_self\">Website<\/a> der Future Cowboys angesehen werden.<\/p>\n\n\n\n<p>Die EP wird im Oktober erscheinen, wenn die Produktion der Vinyl-Schallplatten fertig gestellt ist. Die Platte wird von der New Orleans Record Press in der Montegut Street in der Upper 9th gepresst.<\/p>\n\n\n\n<h2 class=\"wp-block-heading\">Quelle<\/h2>\n\n\n\n<p><a href=\"http:\/\/www.offbeat.com\/music\/future-cowboys-going-kamikaze\/\">http:\/\/www.offbeat.com\/music\/future-cowboys-going-kamikaze\/<\/a><\/p>\n\n\n\n<figure class=\"wp-block-pullquote\"><blockquote><p>\"Going Kamikaze\" erweitert Bernsteins Americana-Songwriting durch Hip-Hop- und elektronische Musiktechniken. Die hymnischen Qualit\u00e4t einiger Songs erinnert an die Rockkl\u00e4nge von U2.<\/p><\/blockquote><\/figure>","protected":false},"excerpt":{"rendered":"<p>By: Offbeat Staff Singer-songwriter, producer and actor Jamie Bernstein is an already established Americana musician from New Orleans, but thanks to a partnership with some new blood, he\u2019s making a departure. Future Cowboys is the result of Bernstein\u2019s work with Emmy-winning producer Eren Cannata. Together, the two released \u201cChoose,\u201d the music video for which can [&hellip;]<\/p>","protected":false},"author":1,"featured_media":0,"parent":14,"menu_order":1,"comment_status":"closed","ping_status":"closed","template":"","meta":[],"jetpack_sharing_enabled":true,"_links":{"self":[{"href":"https:\/\/futurecowboys.net\/de\/wp-json\/wp\/v2\/pages\/2607"}],"collection":[{"href":"https:\/\/futurecowboys.net\/de\/wp-json\/wp\/v2\/pages"}],"about":[{"href":"https:\/\/futurecowboys.net\/de\/wp-json\/wp\/v2\/types\/page"}],"author":[{"embeddable":true,"href":"https:\/\/futurecowboys.net\/de\/wp-json\/wp\/v2\/users\/1"}],"replies":[{"embeddable":true,"href":"https:\/\/futurecowboys.net\/de\/wp-json\/wp\/v2\/comments?post=2607"}],"version-history":[{"count":5,"href":"https:\/\/futurecowboys.net\/de\/wp-json\/wp\/v2\/pages\/2607\/revisions"}],"predecessor-version":[{"id":2619,"href":"https:\/\/futurecowboys.net\/de\/wp-json\/wp\/v2\/pages\/2607\/revisions\/2619"}],"up":[{"embeddable":true,"href":"https:\/\/futurecowboys.net\/de\/wp-json\/wp\/v2\/pages\/14"}],"wp:attachment":[{"href":"https:\/\/futurecowboys.net\/de\/wp-json\/wp\/v2\/media?parent=2607"}],"curies":[{"name":"wp","href":"https:\/\/api.w.org\/{rel}","templated":true}]}}