{"id":2609,"date":"2020-10-02T18:35:36","date_gmt":"2020-10-02T23:35:36","guid":{"rendered":"https:\/\/futurecowboys.net\/?page_id=2609"},"modified":"2020-10-02T18:53:10","modified_gmt":"2020-10-02T23:53:10","slug":"future-cowboys-going-kamikaze-pantherburn","status":"publish","type":"page","link":"https:\/\/futurecowboys.net\/de\/press\/future-cowboys-going-kamikaze-pantherburn\/","title":{"rendered":"Future Cowboys, &#8220;Going Kamikaze&#8221; (Pantherburn)"},"content":{"rendered":"<p><strong><em>Von: <a href=\"https:\/\/www.offbeat.com\/author\/john-wirt\/\" target=\"_blank\" rel=\"noreferrer noopener\">John Wirt<\/a><\/em><\/strong><\/p>\n\n\n\n<p>Die Future Cowboys spielen zusammen mit dem Singer-Songwriter-Schauspieler Jamie Bernstein aus New Orleans(Prediger, Scream Queens) und seinen New Yorker Mitarbeitern Eren Cannata und Miguel Oliveira. Das Trio nahm die EP \u201eGoing Kamikaze\u201c mit sechs Liedern in New Orleans, Sagaponack, New York, und Beverly Hills, Kalifornien, auf.<\/p>\n\n\n\n<p>Going Kamikaze erweitert die Americana-Songwriting F\u00e4higkeiten von Bernstein um Hip-Hop und elektronische Musiktechniken. Die hymnische Qualit\u00e4t einiger Songs erinnert an die Rockkl\u00e4nge von U2, ist aber viel weniger bombastisch. Leider werden fast alle Going Kamikaze-Songs abgeschnitten. Vier der Tracks der EP sind weniger als vier Minuten lang und zwei laufen weniger als drei Minuten.<\/p>\n\n\n\n<p>Das Er\u00f6ffnungslied \u201eThis One Time\u201c f\u00e4llt in den nebul\u00f6sen Bereich der sogenannten Americana Musikrichtung. Im Sprechstil singt Bernstein die Rolle eines aufrichtigen Protagonisten und portr\u00e4tiert einen Mann, der endlich entschlossen ist, aus dem Leben herauszuholen, was er will. In \"Choose\" umh\u00fcllt eine echoreiche Produktion Bernsteins gr\u00fcblerische Texte. Kirchliche Orgelkl\u00e4nge, schmetternde Percussion und scharfe, minimale Gitarrenfiguren begleiten Bernsteins tiefen und d\u00fcsteren Gesang. Er singt sehns\u00fcchtig \u00fcber eine kurze Begegnung, die zu einer dauerhaften Beziehung f\u00fchren kann oder auch nicht.<\/p>\n\n\n\n<p>\"Work for the Week\u201d - \u201cArbeiten f\u00fcr die Woche\" ist ein weiterer Song, der von Unruhe handelt. Cannata, der f\u00fcr die Produktion und Aufnahme der EP verantwortlich ist, verleiht dem Song einen sparsamen, aber polierten Glanz - klangvolle Kettengang-Rhythmen erg\u00e4nzen den gesangs\u00e4hnlichen Text. \"Ich muss meinen Lebensunterhalt verdienen, also nehme ich, was sie mir geben. Oh Junge, brich dir nicht das Kreuz, beim Verlegen der alten Eisenbahnschienen. Wenn du nicht arbeitest, kannst du nicht essen.\"<\/p>\n\n\n\n<p>\"I Fight Alone\u201d - \u201cIch k\u00e4mpfe alleine\u201d handelt ebenfalls vom Kampf und erinnert an den geisterhaften Goth-Rock der 70er und 80er Jahre von Joy Division, Peter Murphy und Bauhaus. Angesichts der schauspielerischen Arbeit, die Bernstein und in geringerem Ma\u00dfe auch Cannata leisten, passt die filmische Inszenierung von \"I Fight Alone\" gut zu der Szene, in der der Text spielt.<\/p>\n\n\n\n<p>Das zweieinhalbmin\u00fctige \"The Flame\u201c beendet die EP im hymnischen Americana-Stil. Eine Verschiebung der Instrumentierung zu akustischem Klavier und Stahlgitarre hebt \"The Flame\u201c jedoch unpassend von den gr\u00f6\u00dferen, vorausgehenden Produktionen ab.<\/p>\n\n\n\n<p>Zum jetzigen Zeitpunkt ist Future Cowboys noch in der Entwicklung, aber Bernstein, Cannata und Oliveira zeigen gro\u00dfes Potenzial.<\/p>\n\n\n\n<h2 class=\"wp-block-heading\">Quelle<\/h2>\n\n\n\n<p><a href=\"http:\/\/www.thevinyldistrict.com\/neworleans\/2018\/07\/tvd-video-premiere-future-cowboys-choose\/\" target=\"_blank\" rel=\"noreferrer noopener\">http:\/\/www.thevinyldistrict.com\/neworleans\/2018\/07\/tvd-video-premiere-future-cowboys-choose\/<\/a><\/p>","protected":false},"excerpt":{"rendered":"<p>By: John Wirt Future Cowboys co-stars New Orleans singer-songwriter-actor Jamie Bernstein (Preacher, Scream Queens) and his New York collaborators Eren Cannata and Miguel Oliveira. The trio recorded the six-song EP, Going Kamikaze, in New Orleans; Sagaponack, New York; and Beverly Hills, California. Going Kamikaze expands Bernstein\u2019s Americana songwriting through hip-hop and electronic music techniques. The [&hellip;]<\/p>","protected":false},"author":1,"featured_media":0,"parent":14,"menu_order":2,"comment_status":"closed","ping_status":"closed","template":"","meta":[],"jetpack_sharing_enabled":true,"_links":{"self":[{"href":"https:\/\/futurecowboys.net\/de\/wp-json\/wp\/v2\/pages\/2609"}],"collection":[{"href":"https:\/\/futurecowboys.net\/de\/wp-json\/wp\/v2\/pages"}],"about":[{"href":"https:\/\/futurecowboys.net\/de\/wp-json\/wp\/v2\/types\/page"}],"author":[{"embeddable":true,"href":"https:\/\/futurecowboys.net\/de\/wp-json\/wp\/v2\/users\/1"}],"replies":[{"embeddable":true,"href":"https:\/\/futurecowboys.net\/de\/wp-json\/wp\/v2\/comments?post=2609"}],"version-history":[{"count":4,"href":"https:\/\/futurecowboys.net\/de\/wp-json\/wp\/v2\/pages\/2609\/revisions"}],"predecessor-version":[{"id":2626,"href":"https:\/\/futurecowboys.net\/de\/wp-json\/wp\/v2\/pages\/2609\/revisions\/2626"}],"up":[{"embeddable":true,"href":"https:\/\/futurecowboys.net\/de\/wp-json\/wp\/v2\/pages\/14"}],"wp:attachment":[{"href":"https:\/\/futurecowboys.net\/de\/wp-json\/wp\/v2\/media?parent=2609"}],"curies":[{"name":"wp","href":"https:\/\/api.w.org\/{rel}","templated":true}]}}