{"id":2614,"date":"2020-10-02T18:42:54","date_gmt":"2020-10-02T23:42:54","guid":{"rendered":"https:\/\/futurecowboys.net\/?page_id=2614"},"modified":"2021-03-19T12:22:19","modified_gmt":"2021-03-19T17:22:19","slug":"tvd-video-premiere-future-cowboys-choose","status":"publish","type":"page","link":"https:\/\/futurecowboys.net\/de\/press\/tvd-video-premiere-future-cowboys-choose\/","title":{"rendered":"TVD Video Premiere: Future Cowboys, &#8220;Choose&#8221;"},"content":{"rendered":"<p><strong><em>Von: <a href=\"http:\/\/www.thevinyldistrict.com\/author\/jaymazza\/\" target=\"_blank\" rel=\"noreferrer noopener\">Jay Mazza<\/a><\/em><\/strong><\/p>\n\n\n\n<p>Jamie Bernstein hat viele Gesichter in der Welt der Kunst. Er ist ein Singer-Songwriter, ein Schauspieler und ein Plattenproduzent in New Orleans, der vor allem als ein Americana-K\u00fcnstler bekannt ist, der als J. the Savage und unter seinem eigenen Namen aufgenommen hat. Mit seinem neuen Projekt \"Future Cowboys\" verl\u00e4sst er seinen ausgetretenen Pfad. TVD ist stolz darauf, die Weltpremiere von \"Choose\", der ersten Single aus dem Deb\u00fctalbum, zu pr\u00e4sentieren.<\/p>\n\n\n\n<p>Der Track ist eine Zusammenarbeit zwischen Bernsteins ausgefeilten Songwriting-F\u00e4higkeiten und der Produktionsarbeit von Eren Cannata, einem Emmy-preisgekr\u00f6nten Produzenten aus Los Angeles. Miguel Oliveira, der Eigent\u00fcmer der Produktionsfirma Pantherburn Studios, ist der Kopf hinter der Partnerschaft zwischen Bernstein und Cannata. Sie haben einen frischen Sound geschaffen, indem sie moderne Produktionstechniken zu dem hinzugef\u00fcgt haben, was im Wesentlichen Singer-Songwriter-Musik ist.<\/p>\n\n\n\n<p>Das Video wurde in der Maple Leaf Bar in New Orleans und in Metairie, Louisiana am 18. Juni 2018 gedreht. Bernstein beauftragte den lokalen Schauspieler, Regisseur und Produzenten Armando Leduc damit, den Song zum Leben zu erwecken. Leduc rekrutierte den Kameramann und Beleuchtungsspezialisten Nick Pino und besetzte die lokale Burlesque-T\u00e4nzerin und Schauspielerin Cherry Bombshell f\u00fcr die weibliche Hauptrolle. Kyler Poche spielt die m\u00e4nnliche Hauptrolle.<\/p>\n\n\n\n<p class=\" translation-block\">Die komplette Aufnahme der Future Cowboys wird im Oktober auf Vinyl erscheinen, das in der neuen Produktionsst\u00e4tte der Crescent City, der <a href=\"https:\/\/www.neworleansrecordpress.com\/\" target=\"_self\">New Orleans Record Press<\/a>, gepresst wird. Der Rest der Musik kann <a href=\"https:\/\/futurecowboys.net\" target=\"_self\">hier<\/a> angeh\u00f6rt werden.<\/p>\n\n\n\n<h2 class=\"wp-block-heading\">Quelle<\/h2>\n\n\n\n<figure class=\"wp-block-embed is-type-wp-embed is-provider-something-else wp-block-embed-something-else\"><div class=\"wp-block-embed__wrapper\">\n<blockquote class=\"wp-embedded-content\" data-secret=\"jWUmlsXecy\"><a href=\"https:\/\/somethingelsereviews.com\/2020\/03\/08\/future-cowboys-life-on-mars\/\">Future Cowboys &#8211; &#8216;Life On Mars&#8217; (2020)<\/a><\/blockquote><iframe class=\"wp-embedded-content\" sandbox=\"allow-scripts\" security=\"restricted\" style=\"position: absolute; clip: rect(1px, 1px, 1px, 1px);\" title=\"&#8220;Future Cowboys &#8211; &#8216;Life On Mars&#8217; (2020)&#8221; &#8212; Something Else!\" src=\"https:\/\/somethingelsereviews.com\/2020\/03\/08\/future-cowboys-life-on-mars\/embed\/#?secret=jWUmlsXecy\" data-secret=\"jWUmlsXecy\" width=\"580\" height=\"327\" frameborder=\"0\" marginwidth=\"0\" marginheight=\"0\" scrolling=\"no\"><\/iframe>\n<\/div><\/figure>","protected":false},"excerpt":{"rendered":"<p>By: Jay Mazza Jamie Bernstein wears many hats in the world of the arts. He is a singer-songwriter, an actor, and a record producer in New Orleans best known as an Americana artist who has recorded as J. the Savage and under his own name. With his new project, Future Cowboys, he veers off his [&hellip;]<\/p>","protected":false},"author":1,"featured_media":0,"parent":14,"menu_order":3,"comment_status":"closed","ping_status":"closed","template":"","meta":[],"jetpack_sharing_enabled":true,"_links":{"self":[{"href":"https:\/\/futurecowboys.net\/de\/wp-json\/wp\/v2\/pages\/2614"}],"collection":[{"href":"https:\/\/futurecowboys.net\/de\/wp-json\/wp\/v2\/pages"}],"about":[{"href":"https:\/\/futurecowboys.net\/de\/wp-json\/wp\/v2\/types\/page"}],"author":[{"embeddable":true,"href":"https:\/\/futurecowboys.net\/de\/wp-json\/wp\/v2\/users\/1"}],"replies":[{"embeddable":true,"href":"https:\/\/futurecowboys.net\/de\/wp-json\/wp\/v2\/comments?post=2614"}],"version-history":[{"count":7,"href":"https:\/\/futurecowboys.net\/de\/wp-json\/wp\/v2\/pages\/2614\/revisions"}],"predecessor-version":[{"id":2999,"href":"https:\/\/futurecowboys.net\/de\/wp-json\/wp\/v2\/pages\/2614\/revisions\/2999"}],"up":[{"embeddable":true,"href":"https:\/\/futurecowboys.net\/de\/wp-json\/wp\/v2\/pages\/14"}],"wp:attachment":[{"href":"https:\/\/futurecowboys.net\/de\/wp-json\/wp\/v2\/media?parent=2614"}],"curies":[{"name":"wp","href":"https:\/\/api.w.org\/{rel}","templated":true}]}}