{"id":2620,"date":"2020-10-02T18:48:00","date_gmt":"2020-10-02T23:48:00","guid":{"rendered":"https:\/\/futurecowboys.net\/?page_id=2620"},"modified":"2020-10-02T19:03:55","modified_gmt":"2020-10-03T00:03:55","slug":"future-cowboys-life-on-mars-2020","status":"publish","type":"page","link":"https:\/\/futurecowboys.net\/de\/press\/future-cowboys-life-on-mars-2020\/","title":{"rendered":"Future Cowboys \u2013 Leben auf dem Mars (2020)"},"content":{"rendered":"<p><strong><em>Von: <a href=\"https:\/\/somethingelsereviews.com\/author\/ross-boissoneau\/\" target=\"_blank\" rel=\"noreferrer noopener\">Ross Boissoneau<\/a><\/em><\/strong> <\/p>\n\n\n\n<p>What do you call a combination of country-esque vocal delivery, protest lyrics, spoken word and modern production? In this case at least, you call it Future Cowboys. Jamie Bernstein, Eren Cannata and Miguel Oliveira <a href=\"http:\/\/www.offbeat.com\/news\/future-cowboys-choose\/\">meld their talents<\/a> into a musical m\u00e9lange that bridges numerous genres: Rock, reggae and folk sit (sometimes uncomfortably) alongside hip hop and Americana.<\/p>\n\n\n\n<p>Bernstein is a musician, producer and actor, who frequently performs roots-style music around New Orleans and elsewhere. He hosts a show on the New Orleans radio station <a href=\"https:\/\/whivfm.org\/\">WHIV<\/a>, an outreach arm of the non-profit New Orleans Society for Infectious Disease Awareness. His acting credits include <em>Treme<\/em>, <em>Preacher<\/em>, and <em>American Horror Story<\/em>.<\/p>\n\n\n\n<p>Cannata is an Emmy award-winner and co-owner of Cove City Sound Studios who grew up around Billy Joel and the Beach Boys, with whom his dad played. He\u2019s worked with Demi Lovato, Ryan Lewis, Paul Simon, Idina Menzel, Bebe Rexha and numerous others.<\/p>\n\n\n\n<p>Oliveira is a singer and songwriter and works in developing new artists; his lifelong love for music surfaced after a long career in the news broadcasting field, working with Peter Jennings, Diane Sawyer, Anderson Cooper and Paula Zahn. He served as a news anchor, reporter, field producer and operations producer before turning full time to music.<\/p>\n\n\n\n<p>With such varied backgrounds, it\u2019s probably no surprise that Future Cowboys bounces back and forth between so many styles. Jamie Bernstein grew up in Appalachia and has lived in New Orleans for several years, and both those environments obviously played a large role in <a href=\"https:\/\/futurecowboys.net\/de\/shop\/\"><em>Life On Mars<\/em><\/a>. That\u2019s evident on songs like the title track, which is not to be confused with the <a href=\"https:\/\/www.youtube.com\/watch?v=L0JmvGKP4H4\">David Bowie tune<\/a>. It features the Soul Brass Band in a funky dance arrangement, and is given the full hip-hop treatment, with the reverb on the vocals turned up to 11.<\/p>\n\n\n\n<p>\u201cThe Heat\u201d features Eren\u2019s father Richie Cannata, Billy Joel\u2019s longtime saxophonist, in a New Orleans-inspired homage to Dr. John. The saxophone and piano come and go, while the drums, bass and handclaps keep rumbling throughout the song.<\/p>\n\n\n\n<p>Lyrically the band is \u2013 interesting. The title track on <em>Life On Mars<\/em> advocates for bringing about social change by exchanging gunfire for knowledge: \u201cWe\u2019re just cowboys from the future, we traded guns for peace \u2026 cuz knowledge is power.\u201d Hey, just like School House Rock (<a href=\"https:\/\/www.nytimes.com\/2020\/01\/03\/arts\/music\/jack-sheldon-dead.html\">we miss you, Jack Sheldon<\/a>). At the other extreme is the hypnotic, repetitious words set off to a rolling, reggae-fied beat on \u201cParty\u201d: \u201cParty, Party, P-A-R-T-Y, That\u2019s how we do it.\u201d<\/p>\n\n\n\n<p>It\u2019s not all originals, but Future Cowboys make the songs their own. Example A: This is not your grandparents\u2019 \u201cHome On the Range.\u201d It\u2019s been updated both sonically and lyrically, as it bemoans the treatment given the animals and environment, predicting similar results for humanity.<\/p>\n\n\n\n<p>With its frequent spoken-word segments, <em>Life On Mars<\/em> also brings to mind <a href=\"https:\/\/www.billboard.com\/articles\/columns\/rock\/6722652\/talking-heads-remain-in-light-at-35-classic-track-by-track-album\"><em>Remain in Light<\/em>-era Talking Heads<\/a>, even Flash and the Pan, the obscure Australian project from the 1970s helmed by Harry Vanda and George Young from the Easybeats. There\u2019s lots of echo and reverb, with a hip hop here, a gospel backup there, and let\u2019s throw in a little twang. This isn\u2019t music for the faint of heart.<\/p>\n\n\n\n<h2 class=\"wp-block-heading\">Quelle<\/h2>\n\n\n\n<figure class=\"wp-block-embed-wordpress wp-block-embed is-type-wp-embed is-provider-something-else\"><div class=\"wp-block-embed__wrapper\">\n<blockquote class=\"wp-embedded-content\" data-secret=\"Yfek7yFQQ4\"><a href=\"https:\/\/somethingelsereviews.com\/2020\/03\/08\/future-cowboys-life-on-mars\/\">Future Cowboys &#8211; &#8216;Life On Mars&#8217; (2020)<\/a><\/blockquote><iframe class=\"wp-embedded-content\" sandbox=\"allow-scripts\" security=\"restricted\" style=\"position: absolute; clip: rect(1px, 1px, 1px, 1px);\" title=\"&#8220;Future Cowboys &#8211; &#8216;Life On Mars&#8217; (2020)&#8221; &#8212; Something Else!\" src=\"https:\/\/somethingelsereviews.com\/2020\/03\/08\/future-cowboys-life-on-mars\/embed\/#?secret=Yfek7yFQQ4\" data-secret=\"Yfek7yFQQ4\" width=\"580\" height=\"327\" frameborder=\"0\" marginwidth=\"0\" marginheight=\"0\" scrolling=\"no\"><\/iframe>\n<\/div><\/figure>\n\n\n\n<figure class=\"wp-block-pullquote\"><blockquote><p>Was w\u00e4re, wenn Riders in the Sky und Leon Russell sich entschlie\u00dfen w\u00fcrden, mit A Tribe Called Quest zu arbeiten, und die Roots als Produzenten fungieren w\u00fcrden? Future Cowboys liefert die Antwort.<\/p><\/blockquote><\/figure>","protected":false},"excerpt":{"rendered":"<p>By: Ross Boissoneau What do you call a combination of country-esque vocal delivery, protest lyrics, spoken word and modern production? In this case at least, you call it Future Cowboys. Jamie Bernstein, Eren Cannata and Miguel Oliveira meld their talents into a musical m\u00e9lange that bridges numerous genres: Rock, reggae and folk sit (sometimes uncomfortably) [&hellip;]<\/p>","protected":false},"author":1,"featured_media":0,"parent":14,"menu_order":4,"comment_status":"closed","ping_status":"closed","template":"","meta":[],"jetpack_sharing_enabled":true,"_links":{"self":[{"href":"https:\/\/futurecowboys.net\/de\/wp-json\/wp\/v2\/pages\/2620"}],"collection":[{"href":"https:\/\/futurecowboys.net\/de\/wp-json\/wp\/v2\/pages"}],"about":[{"href":"https:\/\/futurecowboys.net\/de\/wp-json\/wp\/v2\/types\/page"}],"author":[{"embeddable":true,"href":"https:\/\/futurecowboys.net\/de\/wp-json\/wp\/v2\/users\/1"}],"replies":[{"embeddable":true,"href":"https:\/\/futurecowboys.net\/de\/wp-json\/wp\/v2\/comments?post=2620"}],"version-history":[{"count":3,"href":"https:\/\/futurecowboys.net\/de\/wp-json\/wp\/v2\/pages\/2620\/revisions"}],"predecessor-version":[{"id":2629,"href":"https:\/\/futurecowboys.net\/de\/wp-json\/wp\/v2\/pages\/2620\/revisions\/2629"}],"up":[{"embeddable":true,"href":"https:\/\/futurecowboys.net\/de\/wp-json\/wp\/v2\/pages\/14"}],"wp:attachment":[{"href":"https:\/\/futurecowboys.net\/de\/wp-json\/wp\/v2\/media?parent=2620"}],"curies":[{"name":"wp","href":"https:\/\/api.w.org\/{rel}","templated":true}]}}